{"id":59411,"date":"2022-01-29T09:43:52","date_gmt":"2022-01-29T08:43:52","guid":{"rendered":"https:\/\/www.ikama-art.com\/?post_type=product&#038;p=59411"},"modified":"2023-10-27T16:03:57","modified_gmt":"2023-10-27T14:03:57","slug":"panier-a-pain-oval-naturel-ajoure","status":"publish","type":"product","link":"https:\/\/www.ikama-art.com\/en\/produit\/panier-a-pain-oval-naturel-ajoure\/","title":{"rendered":"Panier \u00e0 pain oval naturel ajour\u00e9"},"content":{"rendered":"<p>Ce magnifique panier est enti\u00e8rement tiss\u00e9 \u00e0 la main par des femmes des communaut\u00e9s rurales de Bolgatanga au travers d&#8217;une fondation ayant pour objectif de promouvoir l&#8217;autonomisation des femmes et la scolarisation des jeunes.<\/p>\n<p>Notre panier est parfaitement adapt\u00e9 comme panier \u00e0 pain, fruits, bijoux, vide-poches et autres rangements tout en sublimant votre int\u00e9rieur. Il est 100% naturel car principalement constitu\u00e9 de paille appel\u00e9e &#8220;herbe d&#8217;\u00e9l\u00e9phant&#8221; au Ghana qui peut \u00eatre utilis\u00e9e dans sa version naturelle ou teinte.<\/p>\n<p><strong>Mati\u00e8re:<\/strong> Herbe d&#8217;\u00e9l\u00e9phant<\/p>\n<p><strong>Origine<\/strong>: Ghana<\/p>\n<p><strong>Taille (en cm)<\/strong>: L33 x L14-16 x H8-9 (l\u00e9g\u00e8re variation de taille selon la pi\u00e8ce)<\/p>\n<p><strong>Entretien<\/strong>: Se nettoie avec un chiffon l\u00e9g\u00e8rement humidifi\u00e9.<\/p>\n","protected":false},"excerpt":{"rendered":"<p>Ce magnifique panier est enti\u00e8rement tiss\u00e9 \u00e0 la main par des femmes des communaut\u00e9s rurales de Bolgatanga au travers d&#8217;une fondation ayant pour objectif de promouvoir l&#8217;autonomisation des femmes et la scolarisation des jeunes. Notre panier est parfaitement adapt\u00e9 comme panier \u00e0 pain, fruits, bijoux, vide-poches et autres rangements tout en sublimant votre int\u00e9rieur. Il [&hellip;]<\/p>\n","protected":false},"featured_media":59043,"comment_status":"open","ping_status":"closed","template":"","meta":{"_et_pb_use_builder":"","_et_pb_old_content":"","_et_gb_content_width":""},"product_brand":[],"product_cat":[15],"product_tag":[515,514,467,513,518,521,522,483,211,209,217,517,210,466,485,243,242,204,206,462,235,225,464,463,465,205,372,484],"class_list":{"0":"post-59411","1":"product","2":"type-product","3":"status-publish","4":"has-post-thumbnail","6":"product_cat-non-classe","7":"product_tag-africain","8":"product_tag-afrique","9":"product_tag-bolga-basket","10":"product_tag-boutique","11":"product_tag-boutique-africaine","12":"product_tag-boutique-deco-lausanne","13":"product_tag-boutique-lausanne","14":"product_tag-cache-pot","15":"product_tag-decoration-contemporaine","16":"product_tag-decoration-dinterieur","17":"product_tag-decoration-ethnique","18":"product_tag-decoration-interieure","19":"product_tag-decoration-moderne","20":"product_tag-panier","21":"product_tag-panier-a-bijoux","22":"product_tag-panier-a-fruits","23":"product_tag-panier-a-pain","24":"product_tag-panier-africain","25":"product_tag-panier-artisanal","26":"product_tag-panier-bolga","27":"product_tag-panier-colore","28":"product_tag-panier-de-rangement","29":"product_tag-panier-design","30":"product_tag-panier-ghana","31":"product_tag-panier-naturel","32":"product_tag-panier-tisse","33":"product_tag-rangement","34":"product_tag-vide-poches","35":"product_shipping_class-paniers-senegalais","36":"pif-has-gallery","38":"first","39":"outofstock","40":"taxable","41":"shipping-taxable","42":"purchasable","43":"product-type-simple"},"yoast_head":"<!-- This site is optimized with the Yoast SEO plugin v27.3 - https:\/\/yoast.com\/product\/yoast-seo-wordpress\/ -->\n<title>PANIER A PAIN OVAL NATUREL AJOURE<\/title>\n<meta name=\"description\" content=\"Ce magnifique panier enti\u00e8rement tiss\u00e9 \u00e0 la main peut-\u00eatre utilis\u00e9 comme panier \u00e0 pain, fruits, bijoux, vide-poches et autres rangements.\" \/>\n<meta name=\"robots\" content=\"index, follow, max-snippet:-1, max-image-preview:large, max-video-preview:-1\" \/>\n<link rel=\"canonical\" href=\"https:\/\/www.ikama-art.com\/en\/produit\/panier-a-pain-oval-naturel-ajoure\/\" \/>\n<meta property=\"og:locale\" content=\"en_US\" \/>\n<meta property=\"og:type\" content=\"article\" \/>\n<meta property=\"og:title\" content=\"PANIER A PAIN OVAL NATUREL AJOURE\" \/>\n<meta property=\"og:description\" content=\"Ce magnifique panier enti\u00e8rement tiss\u00e9 \u00e0 la main peut-\u00eatre utilis\u00e9 comme panier \u00e0 pain, fruits, bijoux, vide-poches et autres rangements.\" \/>\n<meta property=\"og:url\" content=\"https:\/\/www.ikama-art.com\/en\/produit\/panier-a-pain-oval-naturel-ajoure\/\" \/>\n<meta property=\"og:site_name\" content=\"ikama art et d\u00e9co\" \/>\n<meta property=\"article:publisher\" content=\"https:\/\/www.facebook.com\/iKamaArtDeco\" \/>\n<meta property=\"article:modified_time\" content=\"2023-10-27T14:03:57+00:00\" \/>\n<meta property=\"og:image\" content=\"https:\/\/www.ikama-art.com\/wp-content\/uploads\/2022\/01\/PANIER-A-PAIN-OVAL-NATUREL-AJOURE_2.jpg\" \/>\n\t<meta property=\"og:image:width\" content=\"1560\" \/>\n\t<meta property=\"og:image:height\" content=\"1560\" \/>\n\t<meta property=\"og:image:type\" content=\"image\/jpeg\" \/>\n<meta name=\"twitter:card\" content=\"summary_large_image\" \/>\n<meta name=\"twitter:label1\" content=\"Est. reading time\" \/>\n\t<meta name=\"twitter:data1\" content=\"1 minute\" \/>\n<script type=\"application\/ld+json\" class=\"yoast-schema-graph\">{\"@context\":\"https:\\\/\\\/schema.org\",\"@graph\":[{\"@type\":\"WebPage\",\"@id\":\"https:\\\/\\\/www.ikama-art.com\\\/en\\\/produit\\\/panier-a-pain-oval-naturel-ajoure\\\/\",\"url\":\"https:\\\/\\\/www.ikama-art.com\\\/en\\\/produit\\\/panier-a-pain-oval-naturel-ajoure\\\/\",\"name\":\"PANIER A PAIN OVAL NATUREL AJOURE\",\"isPartOf\":{\"@id\":\"https:\\\/\\\/www.ikama-art.com\\\/en\\\/#website\"},\"primaryImageOfPage\":{\"@id\":\"https:\\\/\\\/www.ikama-art.com\\\/en\\\/produit\\\/panier-a-pain-oval-naturel-ajoure\\\/#primaryimage\"},\"image\":{\"@id\":\"https:\\\/\\\/www.ikama-art.com\\\/en\\\/produit\\\/panier-a-pain-oval-naturel-ajoure\\\/#primaryimage\"},\"thumbnailUrl\":\"https:\\\/\\\/www.ikama-art.com\\\/wp-content\\\/uploads\\\/2022\\\/01\\\/PANIER-A-PAIN-OVAL-NATUREL-AJOURE_2.jpg\",\"datePublished\":\"2022-01-29T08:43:52+00:00\",\"dateModified\":\"2023-10-27T14:03:57+00:00\",\"description\":\"Ce magnifique panier enti\u00e8rement tiss\u00e9 \u00e0 la main peut-\u00eatre utilis\u00e9 comme panier \u00e0 pain, fruits, bijoux, vide-poches et autres rangements.\",\"breadcrumb\":{\"@id\":\"https:\\\/\\\/www.ikama-art.com\\\/en\\\/produit\\\/panier-a-pain-oval-naturel-ajoure\\\/#breadcrumb\"},\"inLanguage\":\"en-US\",\"potentialAction\":[{\"@type\":\"ReadAction\",\"target\":[\"https:\\\/\\\/www.ikama-art.com\\\/en\\\/produit\\\/panier-a-pain-oval-naturel-ajoure\\\/\"]}]},{\"@type\":\"ImageObject\",\"inLanguage\":\"en-US\",\"@id\":\"https:\\\/\\\/www.ikama-art.com\\\/en\\\/produit\\\/panier-a-pain-oval-naturel-ajoure\\\/#primaryimage\",\"url\":\"https:\\\/\\\/www.ikama-art.com\\\/wp-content\\\/uploads\\\/2022\\\/01\\\/PANIER-A-PAIN-OVAL-NATUREL-AJOURE_2.jpg\",\"contentUrl\":\"https:\\\/\\\/www.ikama-art.com\\\/wp-content\\\/uploads\\\/2022\\\/01\\\/PANIER-A-PAIN-OVAL-NATUREL-AJOURE_2.jpg\",\"width\":1560,\"height\":1560},{\"@type\":\"BreadcrumbList\",\"@id\":\"https:\\\/\\\/www.ikama-art.com\\\/en\\\/produit\\\/panier-a-pain-oval-naturel-ajoure\\\/#breadcrumb\",\"itemListElement\":[{\"@type\":\"ListItem\",\"position\":1,\"name\":\"Accueil\",\"item\":\"https:\\\/\\\/www.ikama-art.com\\\/en\\\/\"},{\"@type\":\"ListItem\",\"position\":2,\"name\":\"Boutique\",\"item\":\"https:\\\/\\\/www.ikama-art.com\\\/boutique\\\/\"},{\"@type\":\"ListItem\",\"position\":3,\"name\":\"Panier \u00e0 pain oval naturel ajour\u00e9\"}]},{\"@type\":\"WebSite\",\"@id\":\"https:\\\/\\\/www.ikama-art.com\\\/en\\\/#website\",\"url\":\"https:\\\/\\\/www.ikama-art.com\\\/en\\\/\",\"name\":\"ikama\",\"description\":\"La visage de l\u2019artisanat africain\",\"publisher\":{\"@id\":\"https:\\\/\\\/www.ikama-art.com\\\/en\\\/#organization\"},\"potentialAction\":[{\"@type\":\"SearchAction\",\"target\":{\"@type\":\"EntryPoint\",\"urlTemplate\":\"https:\\\/\\\/www.ikama-art.com\\\/en\\\/?s={search_term_string}\"},\"query-input\":{\"@type\":\"PropertyValueSpecification\",\"valueRequired\":true,\"valueName\":\"search_term_string\"}}],\"inLanguage\":\"en-US\"},{\"@type\":\"Organization\",\"@id\":\"https:\\\/\\\/www.ikama-art.com\\\/en\\\/#organization\",\"name\":\"iKama art deco\",\"url\":\"https:\\\/\\\/www.ikama-art.com\\\/en\\\/\",\"logo\":{\"@type\":\"ImageObject\",\"inLanguage\":\"en-US\",\"@id\":\"https:\\\/\\\/www.ikama-art.com\\\/en\\\/#\\\/schema\\\/logo\\\/image\\\/\",\"url\":\"https:\\\/\\\/ikama-art.com\\\/wp-content\\\/uploads\\\/2020\\\/01\\\/logo-ikama.png\",\"contentUrl\":\"https:\\\/\\\/ikama-art.com\\\/wp-content\\\/uploads\\\/2020\\\/01\\\/logo-ikama.png\",\"width\":150,\"height\":150,\"caption\":\"iKama art deco\"},\"image\":{\"@id\":\"https:\\\/\\\/www.ikama-art.com\\\/en\\\/#\\\/schema\\\/logo\\\/image\\\/\"},\"sameAs\":[\"https:\\\/\\\/www.facebook.com\\\/iKamaArtDeco\",\"https:\\\/\\\/www.instagram.com\\\/ikama_art_deco\\\/\"]}]}<\/script>\n<!-- \/ Yoast SEO plugin. -->","yoast_head_json":{"title":"PANIER A PAIN OVAL NATUREL AJOURE","description":"Ce magnifique panier enti\u00e8rement tiss\u00e9 \u00e0 la main peut-\u00eatre utilis\u00e9 comme panier \u00e0 pain, fruits, bijoux, vide-poches et autres rangements.","robots":{"index":"index","follow":"follow","max-snippet":"max-snippet:-1","max-image-preview":"max-image-preview:large","max-video-preview":"max-video-preview:-1"},"canonical":"https:\/\/www.ikama-art.com\/en\/produit\/panier-a-pain-oval-naturel-ajoure\/","og_locale":"en_US","og_type":"article","og_title":"PANIER A PAIN OVAL NATUREL AJOURE","og_description":"Ce magnifique panier enti\u00e8rement tiss\u00e9 \u00e0 la main peut-\u00eatre utilis\u00e9 comme panier \u00e0 pain, fruits, bijoux, vide-poches et autres rangements.","og_url":"https:\/\/www.ikama-art.com\/en\/produit\/panier-a-pain-oval-naturel-ajoure\/","og_site_name":"ikama art et d\u00e9co","article_publisher":"https:\/\/www.facebook.com\/iKamaArtDeco","article_modified_time":"2023-10-27T14:03:57+00:00","og_image":[{"width":1560,"height":1560,"url":"https:\/\/www.ikama-art.com\/wp-content\/uploads\/2022\/01\/PANIER-A-PAIN-OVAL-NATUREL-AJOURE_2.jpg","type":"image\/jpeg"}],"twitter_card":"summary_large_image","twitter_misc":{"Est. reading time":"1 minute"},"schema":{"@context":"https:\/\/schema.org","@graph":[{"@type":"WebPage","@id":"https:\/\/www.ikama-art.com\/en\/produit\/panier-a-pain-oval-naturel-ajoure\/","url":"https:\/\/www.ikama-art.com\/en\/produit\/panier-a-pain-oval-naturel-ajoure\/","name":"PANIER A PAIN OVAL NATUREL AJOURE","isPartOf":{"@id":"https:\/\/www.ikama-art.com\/en\/#website"},"primaryImageOfPage":{"@id":"https:\/\/www.ikama-art.com\/en\/produit\/panier-a-pain-oval-naturel-ajoure\/#primaryimage"},"image":{"@id":"https:\/\/www.ikama-art.com\/en\/produit\/panier-a-pain-oval-naturel-ajoure\/#primaryimage"},"thumbnailUrl":"https:\/\/www.ikama-art.com\/wp-content\/uploads\/2022\/01\/PANIER-A-PAIN-OVAL-NATUREL-AJOURE_2.jpg","datePublished":"2022-01-29T08:43:52+00:00","dateModified":"2023-10-27T14:03:57+00:00","description":"Ce magnifique panier enti\u00e8rement tiss\u00e9 \u00e0 la main peut-\u00eatre utilis\u00e9 comme panier \u00e0 pain, fruits, bijoux, vide-poches et autres rangements.","breadcrumb":{"@id":"https:\/\/www.ikama-art.com\/en\/produit\/panier-a-pain-oval-naturel-ajoure\/#breadcrumb"},"inLanguage":"en-US","potentialAction":[{"@type":"ReadAction","target":["https:\/\/www.ikama-art.com\/en\/produit\/panier-a-pain-oval-naturel-ajoure\/"]}]},{"@type":"ImageObject","inLanguage":"en-US","@id":"https:\/\/www.ikama-art.com\/en\/produit\/panier-a-pain-oval-naturel-ajoure\/#primaryimage","url":"https:\/\/www.ikama-art.com\/wp-content\/uploads\/2022\/01\/PANIER-A-PAIN-OVAL-NATUREL-AJOURE_2.jpg","contentUrl":"https:\/\/www.ikama-art.com\/wp-content\/uploads\/2022\/01\/PANIER-A-PAIN-OVAL-NATUREL-AJOURE_2.jpg","width":1560,"height":1560},{"@type":"BreadcrumbList","@id":"https:\/\/www.ikama-art.com\/en\/produit\/panier-a-pain-oval-naturel-ajoure\/#breadcrumb","itemListElement":[{"@type":"ListItem","position":1,"name":"Accueil","item":"https:\/\/www.ikama-art.com\/en\/"},{"@type":"ListItem","position":2,"name":"Boutique","item":"https:\/\/www.ikama-art.com\/boutique\/"},{"@type":"ListItem","position":3,"name":"Panier \u00e0 pain oval naturel ajour\u00e9"}]},{"@type":"WebSite","@id":"https:\/\/www.ikama-art.com\/en\/#website","url":"https:\/\/www.ikama-art.com\/en\/","name":"ikama","description":"La visage de l\u2019artisanat africain","publisher":{"@id":"https:\/\/www.ikama-art.com\/en\/#organization"},"potentialAction":[{"@type":"SearchAction","target":{"@type":"EntryPoint","urlTemplate":"https:\/\/www.ikama-art.com\/en\/?s={search_term_string}"},"query-input":{"@type":"PropertyValueSpecification","valueRequired":true,"valueName":"search_term_string"}}],"inLanguage":"en-US"},{"@type":"Organization","@id":"https:\/\/www.ikama-art.com\/en\/#organization","name":"iKama art deco","url":"https:\/\/www.ikama-art.com\/en\/","logo":{"@type":"ImageObject","inLanguage":"en-US","@id":"https:\/\/www.ikama-art.com\/en\/#\/schema\/logo\/image\/","url":"https:\/\/ikama-art.com\/wp-content\/uploads\/2020\/01\/logo-ikama.png","contentUrl":"https:\/\/ikama-art.com\/wp-content\/uploads\/2020\/01\/logo-ikama.png","width":150,"height":150,"caption":"iKama art deco"},"image":{"@id":"https:\/\/www.ikama-art.com\/en\/#\/schema\/logo\/image\/"},"sameAs":["https:\/\/www.facebook.com\/iKamaArtDeco","https:\/\/www.instagram.com\/ikama_art_deco\/"]}]}},"_links":{"self":[{"href":"https:\/\/www.ikama-art.com\/en\/wp-json\/wp\/v2\/product\/59411","targetHints":{"allow":["GET"]}}],"collection":[{"href":"https:\/\/www.ikama-art.com\/en\/wp-json\/wp\/v2\/product"}],"about":[{"href":"https:\/\/www.ikama-art.com\/en\/wp-json\/wp\/v2\/types\/product"}],"replies":[{"embeddable":true,"href":"https:\/\/www.ikama-art.com\/en\/wp-json\/wp\/v2\/comments?post=59411"}],"wp:featuredmedia":[{"embeddable":true,"href":"https:\/\/www.ikama-art.com\/en\/wp-json\/wp\/v2\/media\/59043"}],"wp:attachment":[{"href":"https:\/\/www.ikama-art.com\/en\/wp-json\/wp\/v2\/media?parent=59411"}],"wp:term":[{"taxonomy":"product_brand","embeddable":true,"href":"https:\/\/www.ikama-art.com\/en\/wp-json\/wp\/v2\/product_brand?post=59411"},{"taxonomy":"product_cat","embeddable":true,"href":"https:\/\/www.ikama-art.com\/en\/wp-json\/wp\/v2\/product_cat?post=59411"},{"taxonomy":"product_tag","embeddable":true,"href":"https:\/\/www.ikama-art.com\/en\/wp-json\/wp\/v2\/product_tag?post=59411"}],"curies":[{"name":"wp","href":"https:\/\/api.w.org\/{rel}","templated":true}]}}