{"id":57712,"date":"2021-06-23T20:58:58","date_gmt":"2021-06-23T20:58:58","guid":{"rendered":"https:\/\/www.ikama-art.com\/?post_type=product&#038;p=57712"},"modified":"2022-03-05T12:12:02","modified_gmt":"2022-03-05T12:12:02","slug":"grand-panier-bolga-mix-naturel-noir-1","status":"publish","type":"product","link":"https:\/\/www.ikama-art.com\/en\/produit\/grand-panier-bolga-mix-naturel-noir-1\/","title":{"rendered":"Grand panier bolga mix naturel noir #1"},"content":{"rendered":"<p>Ce magnifique panier est enti\u00e8rement tiss\u00e9 \u00e0 la main par des femmes de diff\u00e9rentes communaut\u00e9s de Bolgatanga, au travers de la fondation Nongre Craft. Cette derni\u00e8re a \u00e0 c\u0153ur de promouvoir l&#8217;autonomisation des femmes et la scolarisation des jeunes au travers de la vannerie et de diverses activit\u00e9s culturelles.<\/p>\n<p>Volumineux et pratique avec ses 2 anses recouvertes de cuir, il est autant adapt\u00e9 pour tout rangement dans votre int\u00e9rieur tel que votre linge, vos coussins ou vos plaids ou comme cache-pot pour une plante. Il est 100% naturel car il est principalement constitu\u00e9 de paille appel\u00e9e &#8220;herbe d&#8217;\u00e9l\u00e9phant&#8221; au Ghana qui peut \u00eatre utilis\u00e9e dans sa version naturelle ou teinte, et d&#8217;une anse enrob\u00e9e de cuir de couleurs variables.<\/p>\n<p><strong>Mati\u00e8re:<\/strong> Herbe d&#8217;\u00e9l\u00e9phant et cuir<\/p>\n<p><strong>Origine<\/strong>: Ghana<\/p>\n<p><strong>Taille (en cm)<\/strong>: D48-50 x H50cm (l\u00e9g\u00e8re variation de taille selon le panier)<\/p>\n<p><strong>Entretien<\/strong>: Se nettoie avec un chiffon l\u00e9g\u00e8rement humidifi\u00e9.<\/p>\n","protected":false},"excerpt":{"rendered":"<p>Ce magnifique panier est enti\u00e8rement tiss\u00e9 \u00e0 la main par des femmes de diff\u00e9rentes communaut\u00e9s de Bolgatanga, au travers de la fondation Nongre Craft. Cette derni\u00e8re a \u00e0 c\u0153ur de promouvoir l&#8217;autonomisation des femmes et la scolarisation des jeunes au travers de la vannerie et de diverses activit\u00e9s culturelles. Volumineux et pratique avec ses 2 [&hellip;]<\/p>\n","protected":false},"featured_media":57494,"comment_status":"open","ping_status":"closed","template":"","meta":{"_et_pb_use_builder":"","_et_pb_old_content":"","_et_gb_content_width":""},"product_brand":[],"product_cat":[125],"product_tag":[467,468,211,209,217,210,469,466,243,224,204,206,462,235,225,464,463,465,205,372],"class_list":{"0":"post-57712","1":"product","2":"type-product","3":"status-publish","4":"has-post-thumbnail","6":"product_cat-prochainement","7":"product_tag-bolga-basket","8":"product_tag-bolga-round-basket","9":"product_tag-decoration-contemporaine","10":"product_tag-decoration-dinterieur","11":"product_tag-decoration-ethnique","12":"product_tag-decoration-moderne","13":"product_tag-laundry-basket-2","14":"product_tag-panier","15":"product_tag-panier-a-fruits","16":"product_tag-panier-a-linge","17":"product_tag-panier-africain","18":"product_tag-panier-artisanal","19":"product_tag-panier-bolga","20":"product_tag-panier-colore","21":"product_tag-panier-de-rangement","22":"product_tag-panier-design","23":"product_tag-panier-ghana","24":"product_tag-panier-naturel","25":"product_tag-panier-tisse","26":"product_tag-rangement","27":"product_shipping_class-paniers-senegalais","28":"pif-has-gallery","30":"first","31":"outofstock","32":"taxable","33":"shipping-taxable","34":"purchasable","35":"product-type-simple"},"yoast_head":"<!-- This site is optimized with the Yoast SEO plugin v27.3 - https:\/\/yoast.com\/product\/yoast-seo-wordpress\/ -->\n<title>GRAND PANIER BOLGA MIX NATUREL NOIR #1<\/title>\n<meta name=\"description\" content=\"Ce magnifique panier bolga est enti\u00e8rement tiss\u00e9 \u00e0 la main par des femmes de diff\u00e9rentes communaut\u00e9s de Bolgatanga au Ghana\" \/>\n<meta name=\"robots\" content=\"index, follow, max-snippet:-1, max-image-preview:large, max-video-preview:-1\" \/>\n<link rel=\"canonical\" href=\"https:\/\/www.ikama-art.com\/en\/produit\/grand-panier-bolga-mix-naturel-noir-1\/\" \/>\n<meta property=\"og:locale\" content=\"en_US\" \/>\n<meta property=\"og:type\" content=\"article\" \/>\n<meta property=\"og:title\" content=\"GRAND PANIER BOLGA MIX NATUREL NOIR #1\" \/>\n<meta property=\"og:description\" content=\"Ce magnifique panier bolga est enti\u00e8rement tiss\u00e9 \u00e0 la main par des femmes de diff\u00e9rentes communaut\u00e9s de Bolgatanga au Ghana\" \/>\n<meta property=\"og:url\" content=\"https:\/\/www.ikama-art.com\/en\/produit\/grand-panier-bolga-mix-naturel-noir-1\/\" \/>\n<meta property=\"og:site_name\" content=\"ikama art et d\u00e9co\" \/>\n<meta property=\"article:publisher\" content=\"https:\/\/www.facebook.com\/iKamaArtDeco\" \/>\n<meta property=\"article:modified_time\" content=\"2022-03-05T12:12:02+00:00\" \/>\n<meta property=\"og:image\" content=\"https:\/\/www.ikama-art.com\/wp-content\/uploads\/2021\/06\/GRAND-PANIER-BOLGA-MIX-NATUREL-NOIR-1_1.jpg\" \/>\n\t<meta property=\"og:image:width\" content=\"2560\" \/>\n\t<meta property=\"og:image:height\" content=\"2560\" \/>\n\t<meta property=\"og:image:type\" content=\"image\/jpeg\" \/>\n<meta name=\"twitter:card\" content=\"summary_large_image\" \/>\n<meta name=\"twitter:label1\" content=\"Est. reading time\" \/>\n\t<meta name=\"twitter:data1\" content=\"1 minute\" \/>\n<script type=\"application\/ld+json\" class=\"yoast-schema-graph\">{\"@context\":\"https:\\\/\\\/schema.org\",\"@graph\":[{\"@type\":\"WebPage\",\"@id\":\"https:\\\/\\\/www.ikama-art.com\\\/en\\\/produit\\\/grand-panier-bolga-mix-naturel-noir-1\\\/\",\"url\":\"https:\\\/\\\/www.ikama-art.com\\\/en\\\/produit\\\/grand-panier-bolga-mix-naturel-noir-1\\\/\",\"name\":\"GRAND PANIER BOLGA MIX NATUREL NOIR #1\",\"isPartOf\":{\"@id\":\"https:\\\/\\\/www.ikama-art.com\\\/en\\\/#website\"},\"primaryImageOfPage\":{\"@id\":\"https:\\\/\\\/www.ikama-art.com\\\/en\\\/produit\\\/grand-panier-bolga-mix-naturel-noir-1\\\/#primaryimage\"},\"image\":{\"@id\":\"https:\\\/\\\/www.ikama-art.com\\\/en\\\/produit\\\/grand-panier-bolga-mix-naturel-noir-1\\\/#primaryimage\"},\"thumbnailUrl\":\"https:\\\/\\\/www.ikama-art.com\\\/wp-content\\\/uploads\\\/2021\\\/06\\\/GRAND-PANIER-BOLGA-MIX-NATUREL-NOIR-1_1.jpg\",\"datePublished\":\"2021-06-23T20:58:58+00:00\",\"dateModified\":\"2022-03-05T12:12:02+00:00\",\"description\":\"Ce magnifique panier bolga est enti\u00e8rement tiss\u00e9 \u00e0 la main par des femmes de diff\u00e9rentes communaut\u00e9s de Bolgatanga au Ghana\",\"breadcrumb\":{\"@id\":\"https:\\\/\\\/www.ikama-art.com\\\/en\\\/produit\\\/grand-panier-bolga-mix-naturel-noir-1\\\/#breadcrumb\"},\"inLanguage\":\"en-US\",\"potentialAction\":[{\"@type\":\"ReadAction\",\"target\":[\"https:\\\/\\\/www.ikama-art.com\\\/en\\\/produit\\\/grand-panier-bolga-mix-naturel-noir-1\\\/\"]}]},{\"@type\":\"ImageObject\",\"inLanguage\":\"en-US\",\"@id\":\"https:\\\/\\\/www.ikama-art.com\\\/en\\\/produit\\\/grand-panier-bolga-mix-naturel-noir-1\\\/#primaryimage\",\"url\":\"https:\\\/\\\/www.ikama-art.com\\\/wp-content\\\/uploads\\\/2021\\\/06\\\/GRAND-PANIER-BOLGA-MIX-NATUREL-NOIR-1_1.jpg\",\"contentUrl\":\"https:\\\/\\\/www.ikama-art.com\\\/wp-content\\\/uploads\\\/2021\\\/06\\\/GRAND-PANIER-BOLGA-MIX-NATUREL-NOIR-1_1.jpg\",\"width\":2560,\"height\":2560},{\"@type\":\"BreadcrumbList\",\"@id\":\"https:\\\/\\\/www.ikama-art.com\\\/en\\\/produit\\\/grand-panier-bolga-mix-naturel-noir-1\\\/#breadcrumb\",\"itemListElement\":[{\"@type\":\"ListItem\",\"position\":1,\"name\":\"Accueil\",\"item\":\"https:\\\/\\\/www.ikama-art.com\\\/en\\\/\"},{\"@type\":\"ListItem\",\"position\":2,\"name\":\"Boutique\",\"item\":\"https:\\\/\\\/www.ikama-art.com\\\/boutique\\\/\"},{\"@type\":\"ListItem\",\"position\":3,\"name\":\"Grand panier bolga mix naturel noir #1\"}]},{\"@type\":\"WebSite\",\"@id\":\"https:\\\/\\\/www.ikama-art.com\\\/en\\\/#website\",\"url\":\"https:\\\/\\\/www.ikama-art.com\\\/en\\\/\",\"name\":\"ikama\",\"description\":\"La visage de l\u2019artisanat africain\",\"publisher\":{\"@id\":\"https:\\\/\\\/www.ikama-art.com\\\/en\\\/#organization\"},\"potentialAction\":[{\"@type\":\"SearchAction\",\"target\":{\"@type\":\"EntryPoint\",\"urlTemplate\":\"https:\\\/\\\/www.ikama-art.com\\\/en\\\/?s={search_term_string}\"},\"query-input\":{\"@type\":\"PropertyValueSpecification\",\"valueRequired\":true,\"valueName\":\"search_term_string\"}}],\"inLanguage\":\"en-US\"},{\"@type\":\"Organization\",\"@id\":\"https:\\\/\\\/www.ikama-art.com\\\/en\\\/#organization\",\"name\":\"iKama art deco\",\"url\":\"https:\\\/\\\/www.ikama-art.com\\\/en\\\/\",\"logo\":{\"@type\":\"ImageObject\",\"inLanguage\":\"en-US\",\"@id\":\"https:\\\/\\\/www.ikama-art.com\\\/en\\\/#\\\/schema\\\/logo\\\/image\\\/\",\"url\":\"https:\\\/\\\/ikama-art.com\\\/wp-content\\\/uploads\\\/2020\\\/01\\\/logo-ikama.png\",\"contentUrl\":\"https:\\\/\\\/ikama-art.com\\\/wp-content\\\/uploads\\\/2020\\\/01\\\/logo-ikama.png\",\"width\":150,\"height\":150,\"caption\":\"iKama art deco\"},\"image\":{\"@id\":\"https:\\\/\\\/www.ikama-art.com\\\/en\\\/#\\\/schema\\\/logo\\\/image\\\/\"},\"sameAs\":[\"https:\\\/\\\/www.facebook.com\\\/iKamaArtDeco\",\"https:\\\/\\\/www.instagram.com\\\/ikama_art_deco\\\/\"]}]}<\/script>\n<!-- \/ Yoast SEO plugin. -->","yoast_head_json":{"title":"GRAND PANIER BOLGA MIX NATUREL NOIR #1","description":"Ce magnifique panier bolga est enti\u00e8rement tiss\u00e9 \u00e0 la main par des femmes de diff\u00e9rentes communaut\u00e9s de Bolgatanga au Ghana","robots":{"index":"index","follow":"follow","max-snippet":"max-snippet:-1","max-image-preview":"max-image-preview:large","max-video-preview":"max-video-preview:-1"},"canonical":"https:\/\/www.ikama-art.com\/en\/produit\/grand-panier-bolga-mix-naturel-noir-1\/","og_locale":"en_US","og_type":"article","og_title":"GRAND PANIER BOLGA MIX NATUREL NOIR #1","og_description":"Ce magnifique panier bolga est enti\u00e8rement tiss\u00e9 \u00e0 la main par des femmes de diff\u00e9rentes communaut\u00e9s de Bolgatanga au Ghana","og_url":"https:\/\/www.ikama-art.com\/en\/produit\/grand-panier-bolga-mix-naturel-noir-1\/","og_site_name":"ikama art et d\u00e9co","article_publisher":"https:\/\/www.facebook.com\/iKamaArtDeco","article_modified_time":"2022-03-05T12:12:02+00:00","og_image":[{"width":2560,"height":2560,"url":"https:\/\/www.ikama-art.com\/wp-content\/uploads\/2021\/06\/GRAND-PANIER-BOLGA-MIX-NATUREL-NOIR-1_1.jpg","type":"image\/jpeg"}],"twitter_card":"summary_large_image","twitter_misc":{"Est. reading time":"1 minute"},"schema":{"@context":"https:\/\/schema.org","@graph":[{"@type":"WebPage","@id":"https:\/\/www.ikama-art.com\/en\/produit\/grand-panier-bolga-mix-naturel-noir-1\/","url":"https:\/\/www.ikama-art.com\/en\/produit\/grand-panier-bolga-mix-naturel-noir-1\/","name":"GRAND PANIER BOLGA MIX NATUREL NOIR #1","isPartOf":{"@id":"https:\/\/www.ikama-art.com\/en\/#website"},"primaryImageOfPage":{"@id":"https:\/\/www.ikama-art.com\/en\/produit\/grand-panier-bolga-mix-naturel-noir-1\/#primaryimage"},"image":{"@id":"https:\/\/www.ikama-art.com\/en\/produit\/grand-panier-bolga-mix-naturel-noir-1\/#primaryimage"},"thumbnailUrl":"https:\/\/www.ikama-art.com\/wp-content\/uploads\/2021\/06\/GRAND-PANIER-BOLGA-MIX-NATUREL-NOIR-1_1.jpg","datePublished":"2021-06-23T20:58:58+00:00","dateModified":"2022-03-05T12:12:02+00:00","description":"Ce magnifique panier bolga est enti\u00e8rement tiss\u00e9 \u00e0 la main par des femmes de diff\u00e9rentes communaut\u00e9s de Bolgatanga au Ghana","breadcrumb":{"@id":"https:\/\/www.ikama-art.com\/en\/produit\/grand-panier-bolga-mix-naturel-noir-1\/#breadcrumb"},"inLanguage":"en-US","potentialAction":[{"@type":"ReadAction","target":["https:\/\/www.ikama-art.com\/en\/produit\/grand-panier-bolga-mix-naturel-noir-1\/"]}]},{"@type":"ImageObject","inLanguage":"en-US","@id":"https:\/\/www.ikama-art.com\/en\/produit\/grand-panier-bolga-mix-naturel-noir-1\/#primaryimage","url":"https:\/\/www.ikama-art.com\/wp-content\/uploads\/2021\/06\/GRAND-PANIER-BOLGA-MIX-NATUREL-NOIR-1_1.jpg","contentUrl":"https:\/\/www.ikama-art.com\/wp-content\/uploads\/2021\/06\/GRAND-PANIER-BOLGA-MIX-NATUREL-NOIR-1_1.jpg","width":2560,"height":2560},{"@type":"BreadcrumbList","@id":"https:\/\/www.ikama-art.com\/en\/produit\/grand-panier-bolga-mix-naturel-noir-1\/#breadcrumb","itemListElement":[{"@type":"ListItem","position":1,"name":"Accueil","item":"https:\/\/www.ikama-art.com\/en\/"},{"@type":"ListItem","position":2,"name":"Boutique","item":"https:\/\/www.ikama-art.com\/boutique\/"},{"@type":"ListItem","position":3,"name":"Grand panier bolga mix naturel noir #1"}]},{"@type":"WebSite","@id":"https:\/\/www.ikama-art.com\/en\/#website","url":"https:\/\/www.ikama-art.com\/en\/","name":"ikama","description":"La visage de l\u2019artisanat africain","publisher":{"@id":"https:\/\/www.ikama-art.com\/en\/#organization"},"potentialAction":[{"@type":"SearchAction","target":{"@type":"EntryPoint","urlTemplate":"https:\/\/www.ikama-art.com\/en\/?s={search_term_string}"},"query-input":{"@type":"PropertyValueSpecification","valueRequired":true,"valueName":"search_term_string"}}],"inLanguage":"en-US"},{"@type":"Organization","@id":"https:\/\/www.ikama-art.com\/en\/#organization","name":"iKama art deco","url":"https:\/\/www.ikama-art.com\/en\/","logo":{"@type":"ImageObject","inLanguage":"en-US","@id":"https:\/\/www.ikama-art.com\/en\/#\/schema\/logo\/image\/","url":"https:\/\/ikama-art.com\/wp-content\/uploads\/2020\/01\/logo-ikama.png","contentUrl":"https:\/\/ikama-art.com\/wp-content\/uploads\/2020\/01\/logo-ikama.png","width":150,"height":150,"caption":"iKama art deco"},"image":{"@id":"https:\/\/www.ikama-art.com\/en\/#\/schema\/logo\/image\/"},"sameAs":["https:\/\/www.facebook.com\/iKamaArtDeco","https:\/\/www.instagram.com\/ikama_art_deco\/"]}]}},"_links":{"self":[{"href":"https:\/\/www.ikama-art.com\/en\/wp-json\/wp\/v2\/product\/57712","targetHints":{"allow":["GET"]}}],"collection":[{"href":"https:\/\/www.ikama-art.com\/en\/wp-json\/wp\/v2\/product"}],"about":[{"href":"https:\/\/www.ikama-art.com\/en\/wp-json\/wp\/v2\/types\/product"}],"replies":[{"embeddable":true,"href":"https:\/\/www.ikama-art.com\/en\/wp-json\/wp\/v2\/comments?post=57712"}],"wp:featuredmedia":[{"embeddable":true,"href":"https:\/\/www.ikama-art.com\/en\/wp-json\/wp\/v2\/media\/57494"}],"wp:attachment":[{"href":"https:\/\/www.ikama-art.com\/en\/wp-json\/wp\/v2\/media?parent=57712"}],"wp:term":[{"taxonomy":"product_brand","embeddable":true,"href":"https:\/\/www.ikama-art.com\/en\/wp-json\/wp\/v2\/product_brand?post=57712"},{"taxonomy":"product_cat","embeddable":true,"href":"https:\/\/www.ikama-art.com\/en\/wp-json\/wp\/v2\/product_cat?post=57712"},{"taxonomy":"product_tag","embeddable":true,"href":"https:\/\/www.ikama-art.com\/en\/wp-json\/wp\/v2\/product_tag?post=57712"}],"curies":[{"name":"wp","href":"https:\/\/api.w.org\/{rel}","templated":true}]}}