{"id":57449,"date":"2021-06-16T21:21:20","date_gmt":"2021-06-16T19:21:20","guid":{"rendered":"https:\/\/www.ikama-art.com\/?post_type=product&#038;p=57449"},"modified":"2024-02-02T14:56:36","modified_gmt":"2024-02-02T13:56:36","slug":"petit-panier-bolga-mix-orange-noir-1","status":"publish","type":"product","link":"https:\/\/www.ikama-art.com\/en\/produit\/petit-panier-bolga-mix-orange-noir-1\/","title":{"rendered":"Petit panier bolga mix orange noir #1"},"content":{"rendered":"<p>Ce magnifique panier est enti\u00e8rement tiss\u00e9 \u00e0 la main par des femmes de diff\u00e9rentes communaut\u00e9s de Bolgatanga, au travers de la fondation Nongre Craft, qui par la vannerie, a \u00e0 c\u0153ur de promouvoir l&#8217;autonomisation des femmes et la scolarisation des jeunes.<\/p>\n<p>Notre panier en U est autant adapt\u00e9 pour apporter de l&#8217;originalit\u00e9 \u00e0 vos tenues estivales que pour un rangement d\u00e9coratif dans n&#8217;importe quelle pi\u00e8ce de votre int\u00e9rieure. Il est 100% naturel car il est principalement constitu\u00e9 de paille appel\u00e9e &#8220;herbe d&#8217;\u00e9l\u00e9phant&#8221; au Ghana qui peut \u00eatre utilis\u00e9e dans sa version naturelle ou teinte, et d&#8217;une anse enrob\u00e9e de cuir de couleurs variables.<\/p>\n<p><strong>Mati\u00e8re:<\/strong> Herbe d&#8217;\u00e9l\u00e9phant et cuir<\/p>\n<p><strong>Origine<\/strong>: Ghana<\/p>\n<p><strong>Taille (en cm)<\/strong>: L30 x L17 x H25 cm<\/p>\n<p><strong>Entretien<\/strong>: Se nettoie avec un chiffon l\u00e9g\u00e8rement humidifi\u00e9.<\/p>\n","protected":false},"excerpt":{"rendered":"<p>Ce magnifique panier est enti\u00e8rement tiss\u00e9 \u00e0 la main par des femmes de diff\u00e9rentes communaut\u00e9s de Bolgatanga, au travers de la fondation Nongre Craft, qui par la vannerie, a \u00e0 c\u0153ur de promouvoir l&#8217;autonomisation des femmes et la scolarisation des jeunes. Notre panier en U est autant adapt\u00e9 pour apporter de l&#8217;originalit\u00e9 \u00e0 vos tenues [&hellip;]<\/p>\n","protected":false},"featured_media":56996,"comment_status":"open","ping_status":"closed","template":"","meta":{"_et_pb_use_builder":"","_et_pb_old_content":"","_et_gb_content_width":""},"product_brand":[],"product_cat":[15],"product_tag":[467,211,209,217,210,466,243,204,206,462,235,225,464,463,465,205,372],"class_list":{"0":"post-57449","1":"product","2":"type-product","3":"status-publish","4":"has-post-thumbnail","6":"product_cat-non-classe","7":"product_tag-bolga-basket","8":"product_tag-decoration-contemporaine","9":"product_tag-decoration-dinterieur","10":"product_tag-decoration-ethnique","11":"product_tag-decoration-moderne","12":"product_tag-panier","13":"product_tag-panier-a-fruits","14":"product_tag-panier-africain","15":"product_tag-panier-artisanal","16":"product_tag-panier-bolga","17":"product_tag-panier-colore","18":"product_tag-panier-de-rangement","19":"product_tag-panier-design","20":"product_tag-panier-ghana","21":"product_tag-panier-naturel","22":"product_tag-panier-tisse","23":"product_tag-rangement","24":"product_shipping_class-paniers-senegalais","25":"pif-has-gallery","27":"first","28":"outofstock","29":"taxable","30":"shipping-taxable","31":"purchasable","32":"product-type-simple"},"yoast_head":"<!-- This site is optimized with the Yoast SEO plugin v27.3 - https:\/\/yoast.com\/product\/yoast-seo-wordpress\/ -->\n<title>PETIT PANIER BOLGA MIX ORANGE NOIR<\/title>\n<meta name=\"description\" content=\"Ce magnifique panier bolga est enti\u00e8rement tiss\u00e9 \u00e0 la main par des femmes de diff\u00e9rentes communaut\u00e9s de Bolgatanga au Ghana\" \/>\n<meta name=\"robots\" content=\"index, follow, max-snippet:-1, max-image-preview:large, max-video-preview:-1\" \/>\n<link rel=\"canonical\" href=\"https:\/\/www.ikama-art.com\/en\/produit\/petit-panier-bolga-mix-orange-noir-1\/\" \/>\n<meta property=\"og:locale\" content=\"en_US\" \/>\n<meta property=\"og:type\" content=\"article\" \/>\n<meta property=\"og:title\" content=\"PETIT PANIER BOLGA MIX ORANGE NOIR\" \/>\n<meta property=\"og:description\" content=\"Ce magnifique panier bolga est enti\u00e8rement tiss\u00e9 \u00e0 la main par des femmes de diff\u00e9rentes communaut\u00e9s de Bolgatanga au Ghana\" \/>\n<meta property=\"og:url\" content=\"https:\/\/www.ikama-art.com\/en\/produit\/petit-panier-bolga-mix-orange-noir-1\/\" \/>\n<meta property=\"og:site_name\" content=\"ikama art et d\u00e9co\" \/>\n<meta property=\"article:publisher\" content=\"https:\/\/www.facebook.com\/iKamaArtDeco\" \/>\n<meta property=\"article:modified_time\" content=\"2024-02-02T13:56:36+00:00\" \/>\n<meta property=\"og:image\" content=\"https:\/\/www.ikama-art.com\/wp-content\/uploads\/2021\/06\/PETIT-PANIER-BOLGA-MIX-ORANGE-NOIR-1_1-1.jpg\" \/>\n\t<meta property=\"og:image:width\" content=\"2560\" \/>\n\t<meta property=\"og:image:height\" content=\"2560\" \/>\n\t<meta property=\"og:image:type\" content=\"image\/jpeg\" \/>\n<meta name=\"twitter:card\" content=\"summary_large_image\" \/>\n<meta name=\"twitter:label1\" content=\"Est. reading time\" \/>\n\t<meta name=\"twitter:data1\" content=\"1 minute\" \/>\n<script type=\"application\/ld+json\" class=\"yoast-schema-graph\">{\"@context\":\"https:\\\/\\\/schema.org\",\"@graph\":[{\"@type\":\"WebPage\",\"@id\":\"https:\\\/\\\/www.ikama-art.com\\\/en\\\/produit\\\/petit-panier-bolga-mix-orange-noir-1\\\/\",\"url\":\"https:\\\/\\\/www.ikama-art.com\\\/en\\\/produit\\\/petit-panier-bolga-mix-orange-noir-1\\\/\",\"name\":\"PETIT PANIER BOLGA MIX ORANGE NOIR\",\"isPartOf\":{\"@id\":\"https:\\\/\\\/www.ikama-art.com\\\/en\\\/#website\"},\"primaryImageOfPage\":{\"@id\":\"https:\\\/\\\/www.ikama-art.com\\\/en\\\/produit\\\/petit-panier-bolga-mix-orange-noir-1\\\/#primaryimage\"},\"image\":{\"@id\":\"https:\\\/\\\/www.ikama-art.com\\\/en\\\/produit\\\/petit-panier-bolga-mix-orange-noir-1\\\/#primaryimage\"},\"thumbnailUrl\":\"https:\\\/\\\/www.ikama-art.com\\\/wp-content\\\/uploads\\\/2021\\\/06\\\/PETIT-PANIER-BOLGA-MIX-ORANGE-NOIR-1_1-1.jpg\",\"datePublished\":\"2021-06-16T19:21:20+00:00\",\"dateModified\":\"2024-02-02T13:56:36+00:00\",\"description\":\"Ce magnifique panier bolga est enti\u00e8rement tiss\u00e9 \u00e0 la main par des femmes de diff\u00e9rentes communaut\u00e9s de Bolgatanga au Ghana\",\"breadcrumb\":{\"@id\":\"https:\\\/\\\/www.ikama-art.com\\\/en\\\/produit\\\/petit-panier-bolga-mix-orange-noir-1\\\/#breadcrumb\"},\"inLanguage\":\"en-US\",\"potentialAction\":[{\"@type\":\"ReadAction\",\"target\":[\"https:\\\/\\\/www.ikama-art.com\\\/en\\\/produit\\\/petit-panier-bolga-mix-orange-noir-1\\\/\"]}]},{\"@type\":\"ImageObject\",\"inLanguage\":\"en-US\",\"@id\":\"https:\\\/\\\/www.ikama-art.com\\\/en\\\/produit\\\/petit-panier-bolga-mix-orange-noir-1\\\/#primaryimage\",\"url\":\"https:\\\/\\\/www.ikama-art.com\\\/wp-content\\\/uploads\\\/2021\\\/06\\\/PETIT-PANIER-BOLGA-MIX-ORANGE-NOIR-1_1-1.jpg\",\"contentUrl\":\"https:\\\/\\\/www.ikama-art.com\\\/wp-content\\\/uploads\\\/2021\\\/06\\\/PETIT-PANIER-BOLGA-MIX-ORANGE-NOIR-1_1-1.jpg\",\"width\":2560,\"height\":2560},{\"@type\":\"BreadcrumbList\",\"@id\":\"https:\\\/\\\/www.ikama-art.com\\\/en\\\/produit\\\/petit-panier-bolga-mix-orange-noir-1\\\/#breadcrumb\",\"itemListElement\":[{\"@type\":\"ListItem\",\"position\":1,\"name\":\"Accueil\",\"item\":\"https:\\\/\\\/www.ikama-art.com\\\/en\\\/\"},{\"@type\":\"ListItem\",\"position\":2,\"name\":\"Boutique\",\"item\":\"https:\\\/\\\/www.ikama-art.com\\\/boutique\\\/\"},{\"@type\":\"ListItem\",\"position\":3,\"name\":\"Petit panier bolga mix orange noir #1\"}]},{\"@type\":\"WebSite\",\"@id\":\"https:\\\/\\\/www.ikama-art.com\\\/en\\\/#website\",\"url\":\"https:\\\/\\\/www.ikama-art.com\\\/en\\\/\",\"name\":\"ikama\",\"description\":\"La visage de l\u2019artisanat africain\",\"publisher\":{\"@id\":\"https:\\\/\\\/www.ikama-art.com\\\/en\\\/#organization\"},\"potentialAction\":[{\"@type\":\"SearchAction\",\"target\":{\"@type\":\"EntryPoint\",\"urlTemplate\":\"https:\\\/\\\/www.ikama-art.com\\\/en\\\/?s={search_term_string}\"},\"query-input\":{\"@type\":\"PropertyValueSpecification\",\"valueRequired\":true,\"valueName\":\"search_term_string\"}}],\"inLanguage\":\"en-US\"},{\"@type\":\"Organization\",\"@id\":\"https:\\\/\\\/www.ikama-art.com\\\/en\\\/#organization\",\"name\":\"iKama art deco\",\"url\":\"https:\\\/\\\/www.ikama-art.com\\\/en\\\/\",\"logo\":{\"@type\":\"ImageObject\",\"inLanguage\":\"en-US\",\"@id\":\"https:\\\/\\\/www.ikama-art.com\\\/en\\\/#\\\/schema\\\/logo\\\/image\\\/\",\"url\":\"https:\\\/\\\/ikama-art.com\\\/wp-content\\\/uploads\\\/2020\\\/01\\\/logo-ikama.png\",\"contentUrl\":\"https:\\\/\\\/ikama-art.com\\\/wp-content\\\/uploads\\\/2020\\\/01\\\/logo-ikama.png\",\"width\":150,\"height\":150,\"caption\":\"iKama art deco\"},\"image\":{\"@id\":\"https:\\\/\\\/www.ikama-art.com\\\/en\\\/#\\\/schema\\\/logo\\\/image\\\/\"},\"sameAs\":[\"https:\\\/\\\/www.facebook.com\\\/iKamaArtDeco\",\"https:\\\/\\\/www.instagram.com\\\/ikama_art_deco\\\/\"]}]}<\/script>\n<!-- \/ Yoast SEO plugin. -->","yoast_head_json":{"title":"PETIT PANIER BOLGA MIX ORANGE NOIR","description":"Ce magnifique panier bolga est enti\u00e8rement tiss\u00e9 \u00e0 la main par des femmes de diff\u00e9rentes communaut\u00e9s de Bolgatanga au Ghana","robots":{"index":"index","follow":"follow","max-snippet":"max-snippet:-1","max-image-preview":"max-image-preview:large","max-video-preview":"max-video-preview:-1"},"canonical":"https:\/\/www.ikama-art.com\/en\/produit\/petit-panier-bolga-mix-orange-noir-1\/","og_locale":"en_US","og_type":"article","og_title":"PETIT PANIER BOLGA MIX ORANGE NOIR","og_description":"Ce magnifique panier bolga est enti\u00e8rement tiss\u00e9 \u00e0 la main par des femmes de diff\u00e9rentes communaut\u00e9s de Bolgatanga au Ghana","og_url":"https:\/\/www.ikama-art.com\/en\/produit\/petit-panier-bolga-mix-orange-noir-1\/","og_site_name":"ikama art et d\u00e9co","article_publisher":"https:\/\/www.facebook.com\/iKamaArtDeco","article_modified_time":"2024-02-02T13:56:36+00:00","og_image":[{"width":2560,"height":2560,"url":"https:\/\/www.ikama-art.com\/wp-content\/uploads\/2021\/06\/PETIT-PANIER-BOLGA-MIX-ORANGE-NOIR-1_1-1.jpg","type":"image\/jpeg"}],"twitter_card":"summary_large_image","twitter_misc":{"Est. reading time":"1 minute"},"schema":{"@context":"https:\/\/schema.org","@graph":[{"@type":"WebPage","@id":"https:\/\/www.ikama-art.com\/en\/produit\/petit-panier-bolga-mix-orange-noir-1\/","url":"https:\/\/www.ikama-art.com\/en\/produit\/petit-panier-bolga-mix-orange-noir-1\/","name":"PETIT PANIER BOLGA MIX ORANGE NOIR","isPartOf":{"@id":"https:\/\/www.ikama-art.com\/en\/#website"},"primaryImageOfPage":{"@id":"https:\/\/www.ikama-art.com\/en\/produit\/petit-panier-bolga-mix-orange-noir-1\/#primaryimage"},"image":{"@id":"https:\/\/www.ikama-art.com\/en\/produit\/petit-panier-bolga-mix-orange-noir-1\/#primaryimage"},"thumbnailUrl":"https:\/\/www.ikama-art.com\/wp-content\/uploads\/2021\/06\/PETIT-PANIER-BOLGA-MIX-ORANGE-NOIR-1_1-1.jpg","datePublished":"2021-06-16T19:21:20+00:00","dateModified":"2024-02-02T13:56:36+00:00","description":"Ce magnifique panier bolga est enti\u00e8rement tiss\u00e9 \u00e0 la main par des femmes de diff\u00e9rentes communaut\u00e9s de Bolgatanga au Ghana","breadcrumb":{"@id":"https:\/\/www.ikama-art.com\/en\/produit\/petit-panier-bolga-mix-orange-noir-1\/#breadcrumb"},"inLanguage":"en-US","potentialAction":[{"@type":"ReadAction","target":["https:\/\/www.ikama-art.com\/en\/produit\/petit-panier-bolga-mix-orange-noir-1\/"]}]},{"@type":"ImageObject","inLanguage":"en-US","@id":"https:\/\/www.ikama-art.com\/en\/produit\/petit-panier-bolga-mix-orange-noir-1\/#primaryimage","url":"https:\/\/www.ikama-art.com\/wp-content\/uploads\/2021\/06\/PETIT-PANIER-BOLGA-MIX-ORANGE-NOIR-1_1-1.jpg","contentUrl":"https:\/\/www.ikama-art.com\/wp-content\/uploads\/2021\/06\/PETIT-PANIER-BOLGA-MIX-ORANGE-NOIR-1_1-1.jpg","width":2560,"height":2560},{"@type":"BreadcrumbList","@id":"https:\/\/www.ikama-art.com\/en\/produit\/petit-panier-bolga-mix-orange-noir-1\/#breadcrumb","itemListElement":[{"@type":"ListItem","position":1,"name":"Accueil","item":"https:\/\/www.ikama-art.com\/en\/"},{"@type":"ListItem","position":2,"name":"Boutique","item":"https:\/\/www.ikama-art.com\/boutique\/"},{"@type":"ListItem","position":3,"name":"Petit panier bolga mix orange noir #1"}]},{"@type":"WebSite","@id":"https:\/\/www.ikama-art.com\/en\/#website","url":"https:\/\/www.ikama-art.com\/en\/","name":"ikama","description":"La visage de l\u2019artisanat africain","publisher":{"@id":"https:\/\/www.ikama-art.com\/en\/#organization"},"potentialAction":[{"@type":"SearchAction","target":{"@type":"EntryPoint","urlTemplate":"https:\/\/www.ikama-art.com\/en\/?s={search_term_string}"},"query-input":{"@type":"PropertyValueSpecification","valueRequired":true,"valueName":"search_term_string"}}],"inLanguage":"en-US"},{"@type":"Organization","@id":"https:\/\/www.ikama-art.com\/en\/#organization","name":"iKama art deco","url":"https:\/\/www.ikama-art.com\/en\/","logo":{"@type":"ImageObject","inLanguage":"en-US","@id":"https:\/\/www.ikama-art.com\/en\/#\/schema\/logo\/image\/","url":"https:\/\/ikama-art.com\/wp-content\/uploads\/2020\/01\/logo-ikama.png","contentUrl":"https:\/\/ikama-art.com\/wp-content\/uploads\/2020\/01\/logo-ikama.png","width":150,"height":150,"caption":"iKama art deco"},"image":{"@id":"https:\/\/www.ikama-art.com\/en\/#\/schema\/logo\/image\/"},"sameAs":["https:\/\/www.facebook.com\/iKamaArtDeco","https:\/\/www.instagram.com\/ikama_art_deco\/"]}]}},"_links":{"self":[{"href":"https:\/\/www.ikama-art.com\/en\/wp-json\/wp\/v2\/product\/57449","targetHints":{"allow":["GET"]}}],"collection":[{"href":"https:\/\/www.ikama-art.com\/en\/wp-json\/wp\/v2\/product"}],"about":[{"href":"https:\/\/www.ikama-art.com\/en\/wp-json\/wp\/v2\/types\/product"}],"replies":[{"embeddable":true,"href":"https:\/\/www.ikama-art.com\/en\/wp-json\/wp\/v2\/comments?post=57449"}],"wp:featuredmedia":[{"embeddable":true,"href":"https:\/\/www.ikama-art.com\/en\/wp-json\/wp\/v2\/media\/56996"}],"wp:attachment":[{"href":"https:\/\/www.ikama-art.com\/en\/wp-json\/wp\/v2\/media?parent=57449"}],"wp:term":[{"taxonomy":"product_brand","embeddable":true,"href":"https:\/\/www.ikama-art.com\/en\/wp-json\/wp\/v2\/product_brand?post=57449"},{"taxonomy":"product_cat","embeddable":true,"href":"https:\/\/www.ikama-art.com\/en\/wp-json\/wp\/v2\/product_cat?post=57449"},{"taxonomy":"product_tag","embeddable":true,"href":"https:\/\/www.ikama-art.com\/en\/wp-json\/wp\/v2\/product_tag?post=57449"}],"curies":[{"name":"wp","href":"https:\/\/api.w.org\/{rel}","templated":true}]}}