{"id":54247,"date":"2020-04-02T14:20:02","date_gmt":"2020-04-02T14:20:02","guid":{"rendered":"https:\/\/ikama-art.com\/produit\/baoule-old-mask2\/"},"modified":"2020-04-02T14:20:02","modified_gmt":"2020-04-02T14:20:02","slug":"baoule-old-mask2","status":"publish","type":"product","link":"https:\/\/www.ikama-art.com\/en\/produit\/baoule-old-mask2\/","title":{"rendered":"BAOULE OLD MASK2"},"content":{"rendered":"<p><span id=\"s2_1\">Mask entirely handcarved by Ivorian artisans, it is inspired by masks of Baoul\u00e9 culture, ethnic group found in Ivory Coast. Originally, Baoul\u00e9 mask is used for rituals relating to agriculture, fertility and funeral ceremonies.<\/span><br \/>\n<span id=\"s2_2\">You will find here an aged version specifically during the sculpture to obtain the effect of a mask of yesteryear. This mask will bring a rustic and original touch to your decoration.<\/span><\/p>\n<p><span id=\"s2_3\">The item being handmade, please note that each piece is unique. The item you will receive is the one presented online.<\/span><\/p>\n<p><span id=\"s2_4\">Material: <strong>Teck<\/strong><\/span><\/p>\n<p><span id=\"s2_5\">Origin:<strong> Ivory Coast<\/strong><\/span><\/p>\n<p><span id=\"s2_6\">Size (cm): <strong>L47 x W21 x D11<\/strong><\/span><\/p>\n<p><span id=\"s2_7\">Care Instructions: Clean with a clean, dry cloth.<\/span><\/p>\n","protected":false},"excerpt":{"rendered":"<p>Mask entirely handcarved by Ivorian artisans, it is inspired by masks of Baoul\u00e9 culture, ethnic group found in Ivory Coast. Originally, Baoul\u00e9 mask is used for rituals relating to agriculture, fertility and funeral ceremonies. You will find here an aged version specifically during the sculpture to obtain the effect of a mask of yesteryear. This [&hellip;]<\/p>\n","protected":false},"featured_media":53481,"comment_status":"open","ping_status":"closed","template":"","meta":{"_et_pb_use_builder":"","_et_pb_old_content":"","_et_gb_content_width":""},"product_brand":[],"product_cat":[178],"product_tag":[],"class_list":{"0":"post-54247","1":"product","2":"type-product","3":"status-publish","4":"has-post-thumbnail","6":"product_cat-uncategorized","7":"product_shipping_class-masks-kitchen-utensils-and-sculptures","8":"pif-has-gallery","10":"first","11":"outofstock","12":"taxable","13":"shipping-taxable","14":"purchasable","15":"product-type-simple"},"yoast_head":"<!-- This site is optimized with the Yoast SEO plugin v27.4 - https:\/\/yoast.com\/product\/yoast-seo-wordpress\/ -->\n<title>BAOULE OLD MASK2 &#187; ikama art et d\u00e9co<\/title>\n<meta name=\"robots\" content=\"index, follow, max-snippet:-1, max-image-preview:large, max-video-preview:-1\" \/>\n<link rel=\"canonical\" href=\"https:\/\/www.ikama-art.com\/en\/produit\/baoule-old-mask2\/\" \/>\n<meta property=\"og:locale\" content=\"en_US\" \/>\n<meta property=\"og:type\" content=\"article\" \/>\n<meta property=\"og:title\" content=\"BAOULE OLD MASK2 &#187; ikama art et d\u00e9co\" \/>\n<meta property=\"og:description\" content=\"Mask entirely handcarved by Ivorian artisans, it is inspired by masks of Baoul\u00e9 culture, ethnic group found in Ivory Coast. Originally, Baoul\u00e9 mask is used for rituals relating to agriculture, fertility and funeral ceremonies. You will find here an aged version specifically during the sculpture to obtain the effect of a mask of yesteryear. This [&hellip;]\" \/>\n<meta property=\"og:url\" content=\"https:\/\/www.ikama-art.com\/en\/produit\/baoule-old-mask2\/\" \/>\n<meta property=\"og:site_name\" content=\"ikama art et d\u00e9co\" \/>\n<meta property=\"article:publisher\" content=\"https:\/\/www.facebook.com\/iKamaArtDeco\" \/>\n<meta property=\"og:image\" content=\"https:\/\/www.ikama-art.com\/wp-content\/uploads\/2020\/04\/MASQUE-BAOULE-OLD2_1-1-scaled.jpg\" \/>\n\t<meta property=\"og:image:width\" content=\"2560\" \/>\n\t<meta property=\"og:image:height\" content=\"2560\" \/>\n\t<meta property=\"og:image:type\" content=\"image\/jpeg\" \/>\n<meta name=\"twitter:card\" content=\"summary_large_image\" \/>\n<meta name=\"twitter:label1\" content=\"Est. reading time\" \/>\n\t<meta name=\"twitter:data1\" content=\"1 minute\" \/>\n<script type=\"application\/ld+json\" class=\"yoast-schema-graph\">{\"@context\":\"https:\\\/\\\/schema.org\",\"@graph\":[{\"@type\":\"WebPage\",\"@id\":\"https:\\\/\\\/www.ikama-art.com\\\/en\\\/produit\\\/baoule-old-mask2\\\/\",\"url\":\"https:\\\/\\\/www.ikama-art.com\\\/en\\\/produit\\\/baoule-old-mask2\\\/\",\"name\":\"BAOULE OLD MASK2 &#187; ikama art et d\u00e9co\",\"isPartOf\":{\"@id\":\"https:\\\/\\\/www.ikama-art.com\\\/en\\\/#website\"},\"primaryImageOfPage\":{\"@id\":\"https:\\\/\\\/www.ikama-art.com\\\/en\\\/produit\\\/baoule-old-mask2\\\/#primaryimage\"},\"image\":{\"@id\":\"https:\\\/\\\/www.ikama-art.com\\\/en\\\/produit\\\/baoule-old-mask2\\\/#primaryimage\"},\"thumbnailUrl\":\"https:\\\/\\\/www.ikama-art.com\\\/wp-content\\\/uploads\\\/2020\\\/04\\\/MASQUE-BAOULE-OLD2_1-1-scaled.jpg\",\"datePublished\":\"2020-04-02T14:20:02+00:00\",\"breadcrumb\":{\"@id\":\"https:\\\/\\\/www.ikama-art.com\\\/en\\\/produit\\\/baoule-old-mask2\\\/#breadcrumb\"},\"inLanguage\":\"en-US\",\"potentialAction\":[{\"@type\":\"ReadAction\",\"target\":[\"https:\\\/\\\/www.ikama-art.com\\\/en\\\/produit\\\/baoule-old-mask2\\\/\"]}]},{\"@type\":\"ImageObject\",\"inLanguage\":\"en-US\",\"@id\":\"https:\\\/\\\/www.ikama-art.com\\\/en\\\/produit\\\/baoule-old-mask2\\\/#primaryimage\",\"url\":\"https:\\\/\\\/www.ikama-art.com\\\/wp-content\\\/uploads\\\/2020\\\/04\\\/MASQUE-BAOULE-OLD2_1-1-scaled.jpg\",\"contentUrl\":\"https:\\\/\\\/www.ikama-art.com\\\/wp-content\\\/uploads\\\/2020\\\/04\\\/MASQUE-BAOULE-OLD2_1-1-scaled.jpg\",\"width\":2560,\"height\":2560},{\"@type\":\"BreadcrumbList\",\"@id\":\"https:\\\/\\\/www.ikama-art.com\\\/en\\\/produit\\\/baoule-old-mask2\\\/#breadcrumb\",\"itemListElement\":[{\"@type\":\"ListItem\",\"position\":1,\"name\":\"Accueil\",\"item\":\"https:\\\/\\\/www.ikama-art.com\\\/en\\\/\"},{\"@type\":\"ListItem\",\"position\":2,\"name\":\"Boutique\",\"item\":\"https:\\\/\\\/www.ikama-art.com\\\/boutique\\\/\"},{\"@type\":\"ListItem\",\"position\":3,\"name\":\"BAOULE OLD MASK2\"}]},{\"@type\":\"WebSite\",\"@id\":\"https:\\\/\\\/www.ikama-art.com\\\/en\\\/#website\",\"url\":\"https:\\\/\\\/www.ikama-art.com\\\/en\\\/\",\"name\":\"ikama\",\"description\":\"La visage de l\u2019artisanat africain\",\"publisher\":{\"@id\":\"https:\\\/\\\/www.ikama-art.com\\\/en\\\/#organization\"},\"potentialAction\":[{\"@type\":\"SearchAction\",\"target\":{\"@type\":\"EntryPoint\",\"urlTemplate\":\"https:\\\/\\\/www.ikama-art.com\\\/en\\\/?s={search_term_string}\"},\"query-input\":{\"@type\":\"PropertyValueSpecification\",\"valueRequired\":true,\"valueName\":\"search_term_string\"}}],\"inLanguage\":\"en-US\"},{\"@type\":\"Organization\",\"@id\":\"https:\\\/\\\/www.ikama-art.com\\\/en\\\/#organization\",\"name\":\"iKama art deco\",\"url\":\"https:\\\/\\\/www.ikama-art.com\\\/en\\\/\",\"logo\":{\"@type\":\"ImageObject\",\"inLanguage\":\"en-US\",\"@id\":\"https:\\\/\\\/www.ikama-art.com\\\/en\\\/#\\\/schema\\\/logo\\\/image\\\/\",\"url\":\"https:\\\/\\\/ikama-art.com\\\/wp-content\\\/uploads\\\/2020\\\/01\\\/logo-ikama.png\",\"contentUrl\":\"https:\\\/\\\/ikama-art.com\\\/wp-content\\\/uploads\\\/2020\\\/01\\\/logo-ikama.png\",\"width\":150,\"height\":150,\"caption\":\"iKama art deco\"},\"image\":{\"@id\":\"https:\\\/\\\/www.ikama-art.com\\\/en\\\/#\\\/schema\\\/logo\\\/image\\\/\"},\"sameAs\":[\"https:\\\/\\\/www.facebook.com\\\/iKamaArtDeco\",\"https:\\\/\\\/www.instagram.com\\\/ikama_art_deco\\\/\"]}]}<\/script>\n<!-- \/ Yoast SEO plugin. -->","yoast_head_json":{"title":"BAOULE OLD MASK2 &#187; ikama art et d\u00e9co","robots":{"index":"index","follow":"follow","max-snippet":"max-snippet:-1","max-image-preview":"max-image-preview:large","max-video-preview":"max-video-preview:-1"},"canonical":"https:\/\/www.ikama-art.com\/en\/produit\/baoule-old-mask2\/","og_locale":"en_US","og_type":"article","og_title":"BAOULE OLD MASK2 &#187; ikama art et d\u00e9co","og_description":"Mask entirely handcarved by Ivorian artisans, it is inspired by masks of Baoul\u00e9 culture, ethnic group found in Ivory Coast. Originally, Baoul\u00e9 mask is used for rituals relating to agriculture, fertility and funeral ceremonies. You will find here an aged version specifically during the sculpture to obtain the effect of a mask of yesteryear. This [&hellip;]","og_url":"https:\/\/www.ikama-art.com\/en\/produit\/baoule-old-mask2\/","og_site_name":"ikama art et d\u00e9co","article_publisher":"https:\/\/www.facebook.com\/iKamaArtDeco","og_image":[{"width":2560,"height":2560,"url":"https:\/\/www.ikama-art.com\/wp-content\/uploads\/2020\/04\/MASQUE-BAOULE-OLD2_1-1-scaled.jpg","type":"image\/jpeg"}],"twitter_card":"summary_large_image","twitter_misc":{"Est. reading time":"1 minute"},"schema":{"@context":"https:\/\/schema.org","@graph":[{"@type":"WebPage","@id":"https:\/\/www.ikama-art.com\/en\/produit\/baoule-old-mask2\/","url":"https:\/\/www.ikama-art.com\/en\/produit\/baoule-old-mask2\/","name":"BAOULE OLD MASK2 &#187; ikama art et d\u00e9co","isPartOf":{"@id":"https:\/\/www.ikama-art.com\/en\/#website"},"primaryImageOfPage":{"@id":"https:\/\/www.ikama-art.com\/en\/produit\/baoule-old-mask2\/#primaryimage"},"image":{"@id":"https:\/\/www.ikama-art.com\/en\/produit\/baoule-old-mask2\/#primaryimage"},"thumbnailUrl":"https:\/\/www.ikama-art.com\/wp-content\/uploads\/2020\/04\/MASQUE-BAOULE-OLD2_1-1-scaled.jpg","datePublished":"2020-04-02T14:20:02+00:00","breadcrumb":{"@id":"https:\/\/www.ikama-art.com\/en\/produit\/baoule-old-mask2\/#breadcrumb"},"inLanguage":"en-US","potentialAction":[{"@type":"ReadAction","target":["https:\/\/www.ikama-art.com\/en\/produit\/baoule-old-mask2\/"]}]},{"@type":"ImageObject","inLanguage":"en-US","@id":"https:\/\/www.ikama-art.com\/en\/produit\/baoule-old-mask2\/#primaryimage","url":"https:\/\/www.ikama-art.com\/wp-content\/uploads\/2020\/04\/MASQUE-BAOULE-OLD2_1-1-scaled.jpg","contentUrl":"https:\/\/www.ikama-art.com\/wp-content\/uploads\/2020\/04\/MASQUE-BAOULE-OLD2_1-1-scaled.jpg","width":2560,"height":2560},{"@type":"BreadcrumbList","@id":"https:\/\/www.ikama-art.com\/en\/produit\/baoule-old-mask2\/#breadcrumb","itemListElement":[{"@type":"ListItem","position":1,"name":"Accueil","item":"https:\/\/www.ikama-art.com\/en\/"},{"@type":"ListItem","position":2,"name":"Boutique","item":"https:\/\/www.ikama-art.com\/boutique\/"},{"@type":"ListItem","position":3,"name":"BAOULE OLD MASK2"}]},{"@type":"WebSite","@id":"https:\/\/www.ikama-art.com\/en\/#website","url":"https:\/\/www.ikama-art.com\/en\/","name":"ikama","description":"La visage de l\u2019artisanat africain","publisher":{"@id":"https:\/\/www.ikama-art.com\/en\/#organization"},"potentialAction":[{"@type":"SearchAction","target":{"@type":"EntryPoint","urlTemplate":"https:\/\/www.ikama-art.com\/en\/?s={search_term_string}"},"query-input":{"@type":"PropertyValueSpecification","valueRequired":true,"valueName":"search_term_string"}}],"inLanguage":"en-US"},{"@type":"Organization","@id":"https:\/\/www.ikama-art.com\/en\/#organization","name":"iKama art deco","url":"https:\/\/www.ikama-art.com\/en\/","logo":{"@type":"ImageObject","inLanguage":"en-US","@id":"https:\/\/www.ikama-art.com\/en\/#\/schema\/logo\/image\/","url":"https:\/\/ikama-art.com\/wp-content\/uploads\/2020\/01\/logo-ikama.png","contentUrl":"https:\/\/ikama-art.com\/wp-content\/uploads\/2020\/01\/logo-ikama.png","width":150,"height":150,"caption":"iKama art deco"},"image":{"@id":"https:\/\/www.ikama-art.com\/en\/#\/schema\/logo\/image\/"},"sameAs":["https:\/\/www.facebook.com\/iKamaArtDeco","https:\/\/www.instagram.com\/ikama_art_deco\/"]}]}},"_links":{"self":[{"href":"https:\/\/www.ikama-art.com\/en\/wp-json\/wp\/v2\/product\/54247","targetHints":{"allow":["GET"]}}],"collection":[{"href":"https:\/\/www.ikama-art.com\/en\/wp-json\/wp\/v2\/product"}],"about":[{"href":"https:\/\/www.ikama-art.com\/en\/wp-json\/wp\/v2\/types\/product"}],"replies":[{"embeddable":true,"href":"https:\/\/www.ikama-art.com\/en\/wp-json\/wp\/v2\/comments?post=54247"}],"wp:featuredmedia":[{"embeddable":true,"href":"https:\/\/www.ikama-art.com\/en\/wp-json\/wp\/v2\/media\/53481"}],"wp:attachment":[{"href":"https:\/\/www.ikama-art.com\/en\/wp-json\/wp\/v2\/media?parent=54247"}],"wp:term":[{"taxonomy":"product_brand","embeddable":true,"href":"https:\/\/www.ikama-art.com\/en\/wp-json\/wp\/v2\/product_brand?post=54247"},{"taxonomy":"product_cat","embeddable":true,"href":"https:\/\/www.ikama-art.com\/en\/wp-json\/wp\/v2\/product_cat?post=54247"},{"taxonomy":"product_tag","embeddable":true,"href":"https:\/\/www.ikama-art.com\/en\/wp-json\/wp\/v2\/product_tag?post=54247"}],"curies":[{"name":"wp","href":"https:\/\/api.w.org\/{rel}","templated":true}]}}