{"id":54287,"date":"2020-06-27T23:50:11","date_gmt":"2020-06-27T23:50:11","guid":{"rendered":"https:\/\/ikama-art.com\/contact\/"},"modified":"2023-02-16T08:38:54","modified_gmt":"2023-02-16T07:38:54","slug":"contact","status":"publish","type":"page","link":"https:\/\/www.ikama-art.com\/en\/contact\/","title":{"rendered":"Contact"},"content":{"rendered":"<p>[et_pb_section fb_built=&#8221;1&#8243; admin_label=&#8221;Contact Form Section&#8221; _builder_version=&#8221;4.16&#8243; custom_padding=&#8221;4px||15px|||&#8221; da_disable_devices=&#8221;off|off|off&#8221; global_colors_info=&#8221;{}&#8221; da_is_popup=&#8221;off&#8221; da_exit_intent=&#8221;off&#8221; da_has_close=&#8221;on&#8221; da_alt_close=&#8221;off&#8221; da_dark_close=&#8221;off&#8221; da_not_modal=&#8221;on&#8221; da_is_singular=&#8221;off&#8221; da_with_loader=&#8221;off&#8221; da_has_shadow=&#8221;on&#8221;][et_pb_row _builder_version=&#8221;4.16&#8243; global_colors_info=&#8221;{}&#8221;][et_pb_column type=&#8221;4_4&#8243; _builder_version=&#8221;4.16&#8243; custom_padding=&#8221;|||&#8221; global_colors_info=&#8221;{}&#8221; custom_padding__hover=&#8221;|||&#8221;][et_pb_text admin_label=&#8221;Contact Page Title&#8221; _builder_version=&#8221;4.16&#8243; global_colors_info=&#8221;{}&#8221;]<\/p>\n<h1 style=\"text-align: center;\"><strong>Contact<\/strong><\/h1>\n<p>[\/et_pb_text][\/et_pb_column][\/et_pb_row][et_pb_row column_structure=&#8221;2_3,1_3&#8243; _builder_version=&#8221;4.16&#8243; global_colors_info=&#8221;{}&#8221;][et_pb_column type=&#8221;2_3&#8243; _builder_version=&#8221;4.16&#8243; global_colors_info=&#8221;{}&#8221;][et_pb_text admin_label=&#8221;Contact Form Title&#8221; _builder_version=&#8221;4.16&#8243; text_font=&#8221;||||||||&#8221; header_font=&#8221;||||||||&#8221; header_2_font=&#8221;Roboto|700||on|||||&#8221; header_2_text_align=&#8221;center&#8221; header_2_font_size=&#8221;30px&#8221; header_2_letter_spacing=&#8221;4px&#8221; header_2_line_height=&#8221;1.2em&#8221; module_alignment=&#8221;center&#8221; custom_margin=&#8221;||10px|&#8221; custom_padding=&#8221;|||&#8221; animation_style=&#8221;fade&#8221; locked=&#8221;off&#8221; global_colors_info=&#8221;{}&#8221;]<\/p>\n<h2 style=\"text-align: left;\">Write to us<\/h2>\n<p>[\/et_pb_text][et_pb_divider color=&#8221;#ffb500&#8243; divider_weight=&#8221;2px&#8221; disabled_on=&#8221;off|off|off&#8221; _builder_version=&#8221;4.16&#8243; max_width=&#8221;100px&#8221; module_alignment=&#8221;left&#8221; height=&#8221;50px&#8221; custom_margin=&#8221;||-2px|||&#8221; animation_style=&#8221;fade&#8221; custom_css_main_element=&#8221;||||&#8221; locked=&#8221;off&#8221; global_colors_info=&#8221;{}&#8221;][\/et_pb_divider][et_pb_contact_form use_spam_service=&#8221;on&#8221; recaptcha_list=&#8221;iKama|iKama-0&#8243; custom_message=&#8221;iKama website contact form||et_pb_line_break_holder||||et_pb_line_break_holder||Email: %%Email%%||et_pb_line_break_holder||Nom: %%Nom%%||et_pb_line_break_holder||Message: %%Message%%&#8221; module_id=&#8221;et_pb_contact_form_0&#8243; _builder_version=&#8221;4.19.4&#8243; _unique_id=&#8221;53fe410f-8dc5-49b3-bd7d-19a3ea4246fa&#8221; form_field_background_color=&#8221;rgba(0,0,0,0)&#8221; form_field_font_size=&#8221;16px&#8221; custom_button=&#8221;on&#8221; button_text_size=&#8221;18px&#8221; button_text_color=&#8221;#2a2a2a&#8221; button_border_color=&#8221;#2a2a2a&#8221; button_border_radius=&#8221;30px&#8221; button_letter_spacing=&#8221;2px&#8221; button_font=&#8221;Roboto|on||on|&#8221; button_use_icon=&#8221;off&#8221; animation_style=&#8221;fade&#8221; hover_enabled=&#8221;0&#8243; border_width_all=&#8221;1px&#8221; border_color_all=&#8221;rgba(0,0,0,0.12)&#8221; border_style_all=&#8221;solid&#8221; use_border_color=&#8221;on&#8221; border_color=&#8221;rgba(0,0,0,0.12)&#8221; form_background_color=&#8221;rgba(0,0,0,0)&#8221; global_colors_info=&#8221;{}&#8221; sticky_enabled=&#8221;0&#8243;][et_pb_contact_field field_id=&#8221;Nom&#8221; field_title=&#8221;name&#8221; _builder_version=&#8221;4.17.4&#8243; global_colors_info=&#8221;{}&#8221; button_text_size__hover_enabled=&#8221;off&#8221; button_one_text_size__hover_enabled=&#8221;off&#8221; button_two_text_size__hover_enabled=&#8221;off&#8221; button_text_color__hover_enabled=&#8221;off&#8221; button_one_text_color__hover_enabled=&#8221;off&#8221; button_two_text_color__hover_enabled=&#8221;off&#8221; button_border_width__hover_enabled=&#8221;off&#8221; button_one_border_width__hover_enabled=&#8221;off&#8221; button_two_border_width__hover_enabled=&#8221;off&#8221; button_border_color__hover_enabled=&#8221;off&#8221; button_one_border_color__hover_enabled=&#8221;off&#8221; button_two_border_color__hover_enabled=&#8221;off&#8221; button_border_radius__hover_enabled=&#8221;off&#8221; button_one_border_radius__hover_enabled=&#8221;off&#8221; button_two_border_radius__hover_enabled=&#8221;off&#8221; button_letter_spacing__hover_enabled=&#8221;off&#8221; button_one_letter_spacing__hover_enabled=&#8221;off&#8221; button_two_letter_spacing__hover_enabled=&#8221;off&#8221; button_bg_color__hover_enabled=&#8221;off&#8221; button_one_bg_color__hover_enabled=&#8221;off&#8221; button_two_bg_color__hover_enabled=&#8221;off&#8221;][\/et_pb_contact_field][et_pb_contact_field field_id=&#8221;Email&#8221; field_title=&#8221;Email&#8221; field_type=&#8221;email&#8221; _builder_version=&#8221;4.17.4&#8243; global_colors_info=&#8221;{}&#8221; button_text_size__hover_enabled=&#8221;off&#8221; button_one_text_size__hover_enabled=&#8221;off&#8221; button_two_text_size__hover_enabled=&#8221;off&#8221; button_text_color__hover_enabled=&#8221;off&#8221; button_one_text_color__hover_enabled=&#8221;off&#8221; button_two_text_color__hover_enabled=&#8221;off&#8221; button_border_width__hover_enabled=&#8221;off&#8221; button_one_border_width__hover_enabled=&#8221;off&#8221; button_two_border_width__hover_enabled=&#8221;off&#8221; button_border_color__hover_enabled=&#8221;off&#8221; button_one_border_color__hover_enabled=&#8221;off&#8221; button_two_border_color__hover_enabled=&#8221;off&#8221; button_border_radius__hover_enabled=&#8221;off&#8221; button_one_border_radius__hover_enabled=&#8221;off&#8221; button_two_border_radius__hover_enabled=&#8221;off&#8221; button_letter_spacing__hover_enabled=&#8221;off&#8221; button_one_letter_spacing__hover_enabled=&#8221;off&#8221; button_two_letter_spacing__hover_enabled=&#8221;off&#8221; button_bg_color__hover_enabled=&#8221;off&#8221; button_one_bg_color__hover_enabled=&#8221;off&#8221; button_two_bg_color__hover_enabled=&#8221;off&#8221;][\/et_pb_contact_field][et_pb_contact_field field_id=&#8221;Message&#8221; field_title=&#8221;Message&#8221; field_type=&#8221;text&#8221; fullwidth_field=&#8221;on&#8221; _builder_version=&#8221;4.19.4&#8243; global_colors_info=&#8221;{}&#8221; button_text_size__hover_enabled=&#8221;off&#8221; button_one_text_size__hover_enabled=&#8221;off&#8221; button_two_text_size__hover_enabled=&#8221;off&#8221; button_text_color__hover_enabled=&#8221;off&#8221; button_one_text_color__hover_enabled=&#8221;off&#8221; button_two_text_color__hover_enabled=&#8221;off&#8221; button_border_width__hover_enabled=&#8221;off&#8221; button_one_border_width__hover_enabled=&#8221;off&#8221; button_two_border_width__hover_enabled=&#8221;off&#8221; button_border_color__hover_enabled=&#8221;off&#8221; button_one_border_color__hover_enabled=&#8221;off&#8221; button_two_border_color__hover_enabled=&#8221;off&#8221; button_border_radius__hover_enabled=&#8221;off&#8221; button_one_border_radius__hover_enabled=&#8221;off&#8221; button_two_border_radius__hover_enabled=&#8221;off&#8221; button_letter_spacing__hover_enabled=&#8221;off&#8221; button_one_letter_spacing__hover_enabled=&#8221;off&#8221; button_two_letter_spacing__hover_enabled=&#8221;off&#8221; button_bg_color__hover_enabled=&#8221;off&#8221; button_one_bg_color__hover_enabled=&#8221;off&#8221; button_two_bg_color__hover_enabled=&#8221;off&#8221;][\/et_pb_contact_field][\/et_pb_contact_form][\/et_pb_column][et_pb_column type=&#8221;1_3&#8243; _builder_version=&#8221;4.16&#8243; custom_padding=&#8221;|||&#8221; global_colors_info=&#8221;{}&#8221; custom_padding__hover=&#8221;|||&#8221;][et_pb_text admin_label=&#8221;Title&#8221; _builder_version=&#8221;4.19.4&#8243; text_font=&#8221;Roboto|on||on|&#8221; text_text_color=&#8221;#2a2a2a&#8221; text_font_size=&#8221;18px&#8221; text_letter_spacing=&#8221;1px&#8221; text_line_height=&#8221;1.8em&#8221; header_font=&#8221;||||||||&#8221; header_3_font=&#8221;||||||||&#8221; text_orientation=&#8221;right&#8221; min_height=&#8221;34px&#8221; custom_margin=&#8221;||20px|&#8221; custom_padding=&#8221;50px|||||&#8221; animation_style=&#8221;slide&#8221; animation_direction=&#8221;right&#8221; animation_intensity_slide=&#8221;10%&#8221; global_colors_info=&#8221;{}&#8221;]<\/p>\n<p style=\"text-align: left;\">ikama art &amp; d\u00e9co s\u00e0rl<\/p>\n<p>[\/et_pb_text][et_pb_divider color=&#8221;#ffb500&#8243; divider_weight=&#8221;2px&#8221; disabled_on=&#8221;on|on|off&#8221; _builder_version=&#8221;4.16&#8243; max_width=&#8221;50px&#8221; module_alignment=&#8221;left&#8221; custom_margin=&#8221;||12px|||&#8221; global_colors_info=&#8221;{}&#8221;][\/et_pb_divider][et_pb_blurb title=&#8221;Shop&#8221; use_icon=&#8221;on&#8221; font_icon=&#8221;&#xe081;||divi||400&#8243; icon_color=&#8221;rgba(0,0,0,0.18)&#8221; icon_placement=&#8221;left&#8221; image_icon_width=&#8221;23px&#8221; admin_label=&#8221;Address&#8221; _builder_version=&#8221;4.19.4&#8243; header_font=&#8221;||||||||&#8221; header_font_size=&#8221;16px&#8221; header_line_height=&#8221;1.7em&#8221; body_font=&#8221;||||||||&#8221; body_font_size=&#8221;16px&#8221; body_line_height=&#8221;1.8em&#8221; custom_margin=&#8221;||6px|||&#8221; animation_style=&#8221;fade&#8221; icon_font_size=&#8221;23px&#8221; global_colors_info=&#8221;{}&#8221;]<\/p>\n<p>ikama art &amp; d\u00e9co<br \/>Rue du Petit-Ch\u00eane 36<br \/>CH-1003 Lausanne<\/p>\n<p>[\/et_pb_blurb][et_pb_blurb title=&#8221;+4178 898 5522&#8243; use_icon=&#8221;on&#8221; font_icon=&#8221;&#xe090;||divi||400&#8243; icon_color=&#8221;rgba(0,0,0,0.18)&#8221; icon_placement=&#8221;left&#8221; image_icon_width=&#8221;23px&#8221; admin_label=&#8221;Phone&#8221; _builder_version=&#8221;4.16&#8243; header_font=&#8221;||||||||&#8221; header_font_size=&#8221;16px&#8221; header_line_height=&#8221;1.7em&#8221; body_font=&#8221;||||||||&#8221; body_font_size=&#8221;16px&#8221; body_line_height=&#8221;1.8em&#8221; custom_margin=&#8221;||-3px|||&#8221; animation_style=&#8221;fade&#8221; icon_font_size=&#8221;23px&#8221; global_colors_info=&#8221;{}&#8221;][\/et_pb_blurb][et_pb_blurb title=&#8221;info@ikama-art.com&#8221; use_icon=&#8221;on&#8221; font_icon=&#8221;&#xe076;||divi||400&#8243; icon_color=&#8221;rgba(0,0,0,0.18)&#8221; icon_placement=&#8221;left&#8221; image_icon_width=&#8221;23px&#8221; admin_label=&#8221;Email&#8221; _builder_version=&#8221;4.16&#8243; header_font=&#8221;||||||||&#8221; header_font_size=&#8221;16px&#8221; header_line_height=&#8221;1.7em&#8221; body_font=&#8221;||||||||&#8221; body_font_size=&#8221;16px&#8221; body_line_height=&#8221;1.8em&#8221; animation_style=&#8221;fade&#8221; icon_font_size=&#8221;23px&#8221; global_colors_info=&#8221;{}&#8221;][\/et_pb_blurb][\/et_pb_column][\/et_pb_row][\/et_pb_section]<\/p>\n","protected":false},"excerpt":{"rendered":"<p>ContactWrite to usikama art &amp; d\u00e9co s\u00e0rlikama art &amp; d\u00e9coRue du Petit-Ch\u00eane 36CH-1003 Lausanne<\/p>\n","protected":false},"author":1,"featured_media":0,"parent":0,"menu_order":0,"comment_status":"closed","ping_status":"closed","template":"","meta":{"_et_pb_use_builder":"on","_et_pb_old_content":"","_et_gb_content_width":"","footnotes":""},"class_list":["post-54287","page","type-page","status-publish","hentry"],"yoast_head":"<!-- This site is optimized with the Yoast SEO plugin v27.5 - https:\/\/yoast.com\/product\/yoast-seo-wordpress\/ -->\n<title>Contact &#187; ikama art et d\u00e9co<\/title>\n<meta name=\"robots\" content=\"index, follow, max-snippet:-1, max-image-preview:large, max-video-preview:-1\" \/>\n<link rel=\"canonical\" href=\"https:\/\/www.ikama-art.com\/en\/contact\/\" \/>\n<meta property=\"og:locale\" content=\"en_US\" \/>\n<meta property=\"og:type\" content=\"article\" \/>\n<meta property=\"og:title\" content=\"Contact &#187; ikama art et d\u00e9co\" \/>\n<meta property=\"og:description\" content=\"ContactWrite to usikama art &amp; d\u00e9co s\u00e0rlikama art &amp; d\u00e9coRue du Petit-Ch\u00eane 36CH-1003 Lausanne\" \/>\n<meta property=\"og:url\" content=\"https:\/\/www.ikama-art.com\/en\/contact\/\" \/>\n<meta property=\"og:site_name\" content=\"ikama art et d\u00e9co\" \/>\n<meta property=\"article:publisher\" content=\"https:\/\/www.facebook.com\/iKamaArtDeco\" \/>\n<meta property=\"article:modified_time\" content=\"2023-02-16T07:38:54+00:00\" \/>\n<meta name=\"twitter:card\" content=\"summary_large_image\" \/>\n<meta name=\"twitter:label1\" content=\"Est. reading time\" \/>\n\t<meta name=\"twitter:data1\" content=\"6 minutes\" \/>\n<script type=\"application\/ld+json\" class=\"yoast-schema-graph\">{\"@context\":\"https:\\\/\\\/schema.org\",\"@graph\":[{\"@type\":\"WebPage\",\"@id\":\"https:\\\/\\\/www.ikama-art.com\\\/en\\\/contact\\\/\",\"url\":\"https:\\\/\\\/www.ikama-art.com\\\/en\\\/contact\\\/\",\"name\":\"Contact &#187; ikama art et d\u00e9co\",\"isPartOf\":{\"@id\":\"https:\\\/\\\/www.ikama-art.com\\\/en\\\/#website\"},\"datePublished\":\"2020-06-27T23:50:11+00:00\",\"dateModified\":\"2023-02-16T07:38:54+00:00\",\"breadcrumb\":{\"@id\":\"https:\\\/\\\/www.ikama-art.com\\\/en\\\/contact\\\/#breadcrumb\"},\"inLanguage\":\"en-US\",\"potentialAction\":[{\"@type\":\"ReadAction\",\"target\":[\"https:\\\/\\\/www.ikama-art.com\\\/en\\\/contact\\\/\"]}]},{\"@type\":\"BreadcrumbList\",\"@id\":\"https:\\\/\\\/www.ikama-art.com\\\/en\\\/contact\\\/#breadcrumb\",\"itemListElement\":[{\"@type\":\"ListItem\",\"position\":1,\"name\":\"Accueil\",\"item\":\"https:\\\/\\\/www.ikama-art.com\\\/en\\\/\"},{\"@type\":\"ListItem\",\"position\":2,\"name\":\"Contact\"}]},{\"@type\":\"WebSite\",\"@id\":\"https:\\\/\\\/www.ikama-art.com\\\/en\\\/#website\",\"url\":\"https:\\\/\\\/www.ikama-art.com\\\/en\\\/\",\"name\":\"ikama\",\"description\":\"La visage de l\u2019artisanat africain\",\"publisher\":{\"@id\":\"https:\\\/\\\/www.ikama-art.com\\\/en\\\/#organization\"},\"potentialAction\":[{\"@type\":\"SearchAction\",\"target\":{\"@type\":\"EntryPoint\",\"urlTemplate\":\"https:\\\/\\\/www.ikama-art.com\\\/en\\\/?s={search_term_string}\"},\"query-input\":{\"@type\":\"PropertyValueSpecification\",\"valueRequired\":true,\"valueName\":\"search_term_string\"}}],\"inLanguage\":\"en-US\"},{\"@type\":\"Organization\",\"@id\":\"https:\\\/\\\/www.ikama-art.com\\\/en\\\/#organization\",\"name\":\"iKama art deco\",\"url\":\"https:\\\/\\\/www.ikama-art.com\\\/en\\\/\",\"logo\":{\"@type\":\"ImageObject\",\"inLanguage\":\"en-US\",\"@id\":\"https:\\\/\\\/www.ikama-art.com\\\/en\\\/#\\\/schema\\\/logo\\\/image\\\/\",\"url\":\"https:\\\/\\\/ikama-art.com\\\/wp-content\\\/uploads\\\/2020\\\/01\\\/logo-ikama.png\",\"contentUrl\":\"https:\\\/\\\/ikama-art.com\\\/wp-content\\\/uploads\\\/2020\\\/01\\\/logo-ikama.png\",\"width\":150,\"height\":150,\"caption\":\"iKama art deco\"},\"image\":{\"@id\":\"https:\\\/\\\/www.ikama-art.com\\\/en\\\/#\\\/schema\\\/logo\\\/image\\\/\"},\"sameAs\":[\"https:\\\/\\\/www.facebook.com\\\/iKamaArtDeco\",\"https:\\\/\\\/www.instagram.com\\\/ikama_art_deco\\\/\"]}]}<\/script>\n<!-- \/ Yoast SEO plugin. -->","yoast_head_json":{"title":"Contact &#187; ikama art et d\u00e9co","robots":{"index":"index","follow":"follow","max-snippet":"max-snippet:-1","max-image-preview":"max-image-preview:large","max-video-preview":"max-video-preview:-1"},"canonical":"https:\/\/www.ikama-art.com\/en\/contact\/","og_locale":"en_US","og_type":"article","og_title":"Contact &#187; ikama art et d\u00e9co","og_description":"ContactWrite to usikama art &amp; d\u00e9co s\u00e0rlikama art &amp; d\u00e9coRue du Petit-Ch\u00eane 36CH-1003 Lausanne","og_url":"https:\/\/www.ikama-art.com\/en\/contact\/","og_site_name":"ikama art et d\u00e9co","article_publisher":"https:\/\/www.facebook.com\/iKamaArtDeco","article_modified_time":"2023-02-16T07:38:54+00:00","twitter_card":"summary_large_image","twitter_misc":{"Est. reading time":"6 minutes"},"schema":{"@context":"https:\/\/schema.org","@graph":[{"@type":"WebPage","@id":"https:\/\/www.ikama-art.com\/en\/contact\/","url":"https:\/\/www.ikama-art.com\/en\/contact\/","name":"Contact &#187; ikama art et d\u00e9co","isPartOf":{"@id":"https:\/\/www.ikama-art.com\/en\/#website"},"datePublished":"2020-06-27T23:50:11+00:00","dateModified":"2023-02-16T07:38:54+00:00","breadcrumb":{"@id":"https:\/\/www.ikama-art.com\/en\/contact\/#breadcrumb"},"inLanguage":"en-US","potentialAction":[{"@type":"ReadAction","target":["https:\/\/www.ikama-art.com\/en\/contact\/"]}]},{"@type":"BreadcrumbList","@id":"https:\/\/www.ikama-art.com\/en\/contact\/#breadcrumb","itemListElement":[{"@type":"ListItem","position":1,"name":"Accueil","item":"https:\/\/www.ikama-art.com\/en\/"},{"@type":"ListItem","position":2,"name":"Contact"}]},{"@type":"WebSite","@id":"https:\/\/www.ikama-art.com\/en\/#website","url":"https:\/\/www.ikama-art.com\/en\/","name":"ikama","description":"La visage de l\u2019artisanat africain","publisher":{"@id":"https:\/\/www.ikama-art.com\/en\/#organization"},"potentialAction":[{"@type":"SearchAction","target":{"@type":"EntryPoint","urlTemplate":"https:\/\/www.ikama-art.com\/en\/?s={search_term_string}"},"query-input":{"@type":"PropertyValueSpecification","valueRequired":true,"valueName":"search_term_string"}}],"inLanguage":"en-US"},{"@type":"Organization","@id":"https:\/\/www.ikama-art.com\/en\/#organization","name":"iKama art deco","url":"https:\/\/www.ikama-art.com\/en\/","logo":{"@type":"ImageObject","inLanguage":"en-US","@id":"https:\/\/www.ikama-art.com\/en\/#\/schema\/logo\/image\/","url":"https:\/\/ikama-art.com\/wp-content\/uploads\/2020\/01\/logo-ikama.png","contentUrl":"https:\/\/ikama-art.com\/wp-content\/uploads\/2020\/01\/logo-ikama.png","width":150,"height":150,"caption":"iKama art deco"},"image":{"@id":"https:\/\/www.ikama-art.com\/en\/#\/schema\/logo\/image\/"},"sameAs":["https:\/\/www.facebook.com\/iKamaArtDeco","https:\/\/www.instagram.com\/ikama_art_deco\/"]}]}},"_links":{"self":[{"href":"https:\/\/www.ikama-art.com\/en\/wp-json\/wp\/v2\/pages\/54287","targetHints":{"allow":["GET"]}}],"collection":[{"href":"https:\/\/www.ikama-art.com\/en\/wp-json\/wp\/v2\/pages"}],"about":[{"href":"https:\/\/www.ikama-art.com\/en\/wp-json\/wp\/v2\/types\/page"}],"author":[{"embeddable":true,"href":"https:\/\/www.ikama-art.com\/en\/wp-json\/wp\/v2\/users\/1"}],"replies":[{"embeddable":true,"href":"https:\/\/www.ikama-art.com\/en\/wp-json\/wp\/v2\/comments?post=54287"}],"version-history":[{"count":9,"href":"https:\/\/www.ikama-art.com\/en\/wp-json\/wp\/v2\/pages\/54287\/revisions"}],"predecessor-version":[{"id":60356,"href":"https:\/\/www.ikama-art.com\/en\/wp-json\/wp\/v2\/pages\/54287\/revisions\/60356"}],"wp:attachment":[{"href":"https:\/\/www.ikama-art.com\/en\/wp-json\/wp\/v2\/media?parent=54287"}],"curies":[{"name":"wp","href":"https:\/\/api.w.org\/{rel}","templated":true}]}}